{"id":77274,"date":"2023-09-12T22:32:50","date_gmt":"2023-09-12T19:32:50","guid":{"rendered":"https:\/\/wmoc.fi\/sopimusehdot-wmoc-2024\/"},"modified":"2023-09-18T09:27:44","modified_gmt":"2023-09-18T06:27:44","slug":"sopimusehdot-wmoc-2024","status":"publish","type":"page","link":"https:\/\/wmoc.fi\/en\/sopimusehdot-wmoc-2024\/","title":{"rendered":"Sopimusehdot &#8211; WMOC 2024"},"content":{"rendered":"<div class=\"wpb-content-wrapper\"><p>[vc_row row_height_percent=&#8221;35&#8243; override_padding=&#8221;yes&#8221; h_padding=&#8221;2&#8243; top_padding=&#8221;2&#8243; bottom_padding=&#8221;4&#8243; back_color=&#8221;color-lxmt&#8221; overlay_alpha=&#8221;100&#8243; gutter_size=&#8221;100&#8243; column_width_percent=&#8221;100&#8243; border_color=&#8221;color-gyho&#8221; border_style=&#8221;solid&#8221; shift_y=&#8221;0&#8243; z_index=&#8221;0&#8243; style=&#8221;inherited&#8221; css=&#8221;.vc_custom_1532612106283{border-top-width: 1px !important;}&#8221;][vc_column column_width_percent=&#8221;100&#8243; position_horizontal=&#8221;left&#8221; gutter_size=&#8221;3&#8243; overlay_alpha=&#8221;100&#8243; shift_x=&#8221;0&#8243; shift_y=&#8221;0&#8243; shift_y_down=&#8221;0&#8243; z_index=&#8221;0&#8243; medium_width=&#8221;2&#8243; mobile_width=&#8221;0&#8243; zoom_width=&#8221;0&#8243; zoom_height=&#8221;0&#8243; width=&#8221;3\/4&#8243;][vc_column_text uncode_shortcode_id=&#8221;214765&#8243;]<em>[English version, please scroll down]<\/em><\/p>\n<h3><strong>WMOC 2024 &amp; FIN5 -palveluiden erityissehdot<br \/>\n<\/strong><\/h3>\n<p><strong>Peruutusehdot \/ majoituspalvelut<\/strong><\/p>\n<ul>\n<li>Peruutustapauksessa majoituksen hintaa ei palauteta<\/li>\n<li>Majoitusoikeuden voi siirt\u00e4\u00e4 toiselle henkil\u00f6lle ilmoittamalla siit\u00e4 etuk\u00e4teen s\u00e4hk\u00f6postilla osoitteeseen info@wmoc.fi<\/li>\n<li>Majoituksen yhteydess\u00e4 tilatut lis\u00e4palvelut voi peruuttaa kuluitta 30.6.2024 saakka<\/li>\n<li>Mik\u00e4li palvelua ei voida toimittaa sen takia, ett\u00e4 minimiosallistujam\u00e4\u00e4r\u00e4 ei t\u00e4yty, palautetaan maksu kokonaisuudessaan.<\/li>\n<\/ul>\n<ul><\/ul>\n<p><strong>Peruutusehdot \/ savusauna, tavallinen sauna &amp; suihkut<\/strong><\/p>\n<ul>\n<li>Peruutustapauksessa maksettua maksua ei palauteta<\/li>\n<li>Saunaoikeuden voi siirt\u00e4\u00e4 toiselle henkil\u00f6lle ilmoittamalla siit\u00e4 etuk\u00e4teen s\u00e4hk\u00f6postilla osoitteeseen info@wmoc.fi<\/li>\n<li>Saunavarauksen yhteydess\u00e4 tilatut lis\u00e4palvelut voi peruuttaa kuluitta 30.6.2024 saakka<\/li>\n<li>Mik\u00e4li palvelua ei voida toimittaa sen takia, ett\u00e4 minimiosallistujam\u00e4\u00e4r\u00e4 ei t\u00e4yty, palautetaan maksu kokonaisuudessaan.<\/li>\n<\/ul>\n<p><strong>Peruutusehdot \/ wmoc.fi seuratelttapalvelu<\/strong><\/p>\n<ul>\n<li>Peruutustapauksessa maksettua maksua ei palauteta<\/li>\n<li>Oikeuden palveluun voi siirt\u00e4\u00e4 toiselle henkil\u00f6lle ilmoittamalla siit\u00e4 etuk\u00e4teen s\u00e4hk\u00f6postilla osoitteeseen info@wmoc.fi<\/li>\n<\/ul>\n<p><strong>Matkapakettilaki<\/strong><\/p>\n<ul>\n<li>Tarjotut palvelut eiv\u00e4t ole matkapakettilain (Laki matkapalveluyhdistelmist\u00e4 901\/2017) tarkoittamia matkapaketteja eiv\u00e4tk\u00e4 yhdistettyj\u00e4 matkaj\u00e4rjestelyj\u00e4. T\u00e4m\u00e4n takia wmoc.fi:n yleiset sopimusehdot eiv\u00e4t sellaisenaan ole voimassa.<\/li>\n<\/ul>\n<p><strong>Kilpailun peruuntuminen tai siirtyminen<\/strong><\/p>\n<ul>\n<li>Kilpailun peruuntuessa tai siirtyess\u00e4 toiseen ajankohtaan 30.6.2024 menness\u00e4, palautetaan maksetut maksut t\u00e4ysim\u00e4\u00e4r\u00e4isin\u00e4 v\u00e4hennettyn\u00e4 k\u00e4sittelykuluilla 20 \u20ac\/tilaus.<\/li>\n<\/ul>\n<p><strong>Force Majeure ja vapauttamisperusteet<\/strong><\/p>\n<ul>\n<li>wmoc.fi vapautuu sek\u00e4 velvoitteistaan tarjota palveluita ett\u00e4 kaikista korvausvelvollisuuksista peruutuksen johdosta, jos palveluiden tarjoamatta j\u00e4tt\u00e4minen johtuu vapauttamisperusteista. Vapauttamisperusteeksi (force majeure) katsotaan sellainen sopimuksen syntymisen j\u00e4lkeen sattunut ep\u00e4tavallinen ja asiaan vaikuttava tapahtuma, jota sopimuspuolen ei ole syyt\u00e4 ottaa huomioon sopimusta teht\u00e4ess\u00e4 ja joka on sopimuspuolista riippumaton, tai jonka vaikutusta ei voida kohtuudella v\u00e4ltt\u00e4\u00e4 tai voittaa. T\u00e4llainen tapahtuma voi olla esim. sota, kapina, valuuttarajoitukset, lains\u00e4\u00e4nn\u00f6kset ja viranomaism\u00e4\u00e4r\u00e4ykset, luonnonmullistus, vakava epidemia, yleisen liikenteen, tietoliikenteen, energiajakelun tai vedenjakelun keskeytys, k\u00e4ytt\u00f6voiman rajoitukset, ty\u00f6selkkaus, tulipalo, vesivahingo tai kolmannelta osapuolelta hankittujen palveluiden viallisuus tai viiv\u00e4styminen tai taikka muu vaikutuksiltaan vastaava ja ep\u00e4tavallinen sopijapuolista riippumaton syy sek\u00e4 alihankkijan toimituksissa olevat virheet taikka viiv\u00e4stykset.<\/li>\n<\/ul>\n<hr \/>\n<h3><strong>WMOC 2024 &amp; FIN5 -services, cancellation rules<br \/>\n<\/strong><\/h3>\n<p><strong>Cancellation rules, accommodation services<br \/>\n<\/strong><\/p>\n<ul>\n<li>In case of cancellation, the accommodation price is non-refundable<\/li>\n<li>The right of accommodation can be transferred to another person by informing in advance by email to info@wmoc.fi<\/li>\n<li>Additional services ordered in connection with accommodation can be canceled free of charge until June 30, 2024<\/li>\n<li>If the service cannot be implemented because the minimum number of participants is not met, the payment will be returned in full<\/li>\n<\/ul>\n<p><strong><span class=\"Y2IQFc\">Cancellation rules \/ smoke sauna, regular sauna &amp; showers<br \/>\n<\/span><\/strong><\/p>\n<ul>\n<li>In case of cancellation, the price is non-refundable<\/li>\n<li>Sauna rights can be transferred to another person by informing in advance by email to info@wmoc.fi<\/li>\n<li>Additional services ordered in connection with the sauna reservation can be canceled free of charge until June 30, 2024<\/li>\n<li>If the service cannot be implemented because the minimum number of participants is not met, the payment will be returned in full<\/li>\n<\/ul>\n<p><strong><span class=\"Y2IQFc\">Cancellation rules \/ club tent service<br \/>\n<\/span><\/strong><\/p>\n<ul>\n<li>In case of cancellation, the price is non-refundable<\/li>\n<li>Club tent rights can be transferred to another person by informing in advance by email to info@wmoc.fi<\/li>\n<\/ul>\n<p><strong><span class=\"Y2IQFc\">Travel Package Act<br \/>\n<\/span><\/strong><\/p>\n<ul>\n<li>The services offered are not travel packages or combined travel arrangements within the meaning of the Travel Package Act (Act on Travel Package Combinations 901\/2017). Because of this, the general terms and conditions of wmoc.fi are not valid as such.<\/li>\n<\/ul>\n<p><strong><span class=\"Y2IQFc\">Cancellation or postponement of the competition<br \/>\n<\/span><\/strong><\/p>\n<ul>\n<li>If the competition is canceled or moved to another date by June 30, 2024, the paid fees will be returned in full, minus processing costs of 20\u20ac\/order.<\/li>\n<\/ul>\n<p><strong><span class=\"Y2IQFc\">Force Majeure and exemption grounds<br \/>\n<\/span><\/strong><\/p>\n<ul>\n<li>wmoc.fi is released both from its obligations to provide services and from all compensation obligations due to cancellation, if the non-providing of services is due to grounds for release. A force majeure is considered to be an unusual and affecting event that occurred after the conclusion of the contract, which the contracting party has no reason to take into account when concluding the contract and which is independent of the contracting party, or the effect of which cannot reasonably be avoided or overcome. Such an event can be e.g. war, rebellion, currency restrictions, legal regulations and official regulations, natural disaster, serious epidemic, interruption of public transport, telecommunications, energy distribution or water distribution, restrictions on operating power, labor dispute, fire, water damage or malfunction or delay of services acquired from a third party, or other a similar and unusual cause independent of the contracting party, as well as errors or delays in the subcontractor&#8217;s deliveries<\/li>\n<\/ul>\n<p>[\/vc_column_text][\/vc_column][vc_column column_width_percent=&#8221;100&#8243; position_horizontal=&#8221;left&#8221; align_horizontal=&#8221;align_center&#8221; gutter_size=&#8221;3&#8243; override_padding=&#8221;yes&#8221; column_padding=&#8221;1&#8243; overlay_alpha=&#8221;100&#8243; shift_x=&#8221;0&#8243; shift_y=&#8221;0&#8243; shift_y_down=&#8221;0&#8243; z_index=&#8221;0&#8243; medium_width=&#8221;2&#8243; mobile_width=&#8221;0&#8243; zoom_width=&#8221;0&#8243; zoom_height=&#8221;0&#8243; width=&#8221;1\/4&#8243;][\/vc_column][\/vc_row]<\/p>\n<\/div>","protected":false},"excerpt":{"rendered":"<p>[vc_row row_height_percent=&#8221;35&#8243; override_padding=&#8221;yes&#8221; h_padding=&#8221;2&#8243; top_padding=&#8221;2&#8243; bottom_padding=&#8221;4&#8243; back_color=&#8221;color-lxmt&#8221; overlay_alpha=&#8221;100&#8243; gutter_size=&#8221;100&#8243; column_width_percent=&#8221;100&#8243; border_color=&#8221;color-gyho&#8221; border_style=&#8221;solid&#8221; shift_y=&#8221;0&#8243; z_index=&#8221;0&#8243; style=&#8221;inherited&#8221; css=&#8221;.vc_custom_1532612106283{border-top-width: 1px !important;}&#8221;][vc_column column_width_percent=&#8221;100&#8243; position_horizontal=&#8221;left&#8221; [&hellip;]<\/p>\n","protected":false},"author":1,"featured_media":0,"parent":0,"menu_order":0,"comment_status":"open","ping_status":"closed","template":"","meta":{"footnotes":""},"class_list":["post-77274","page","type-page","status-publish","hentry","page_category-classic-en"],"_links":{"self":[{"href":"https:\/\/wmoc.fi\/en\/wp-json\/wp\/v2\/pages\/77274","targetHints":{"allow":["GET"]}}],"collection":[{"href":"https:\/\/wmoc.fi\/en\/wp-json\/wp\/v2\/pages"}],"about":[{"href":"https:\/\/wmoc.fi\/en\/wp-json\/wp\/v2\/types\/page"}],"author":[{"embeddable":true,"href":"https:\/\/wmoc.fi\/en\/wp-json\/wp\/v2\/users\/1"}],"replies":[{"embeddable":true,"href":"https:\/\/wmoc.fi\/en\/wp-json\/wp\/v2\/comments?post=77274"}],"version-history":[{"count":6,"href":"https:\/\/wmoc.fi\/en\/wp-json\/wp\/v2\/pages\/77274\/revisions"}],"predecessor-version":[{"id":77297,"href":"https:\/\/wmoc.fi\/en\/wp-json\/wp\/v2\/pages\/77274\/revisions\/77297"}],"wp:attachment":[{"href":"https:\/\/wmoc.fi\/en\/wp-json\/wp\/v2\/media?parent=77274"}],"curies":[{"name":"wp","href":"https:\/\/api.w.org\/{rel}","templated":true}]}}