{"id":77278,"date":"2018-08-19T13:06:14","date_gmt":"2018-08-19T10:06:14","guid":{"rendered":"https:\/\/wmoc.fi\/yhteystiedot\/"},"modified":"2023-12-20T14:13:04","modified_gmt":"2023-12-20T12:13:04","slug":"yhteystiedot","status":"publish","type":"page","link":"https:\/\/wmoc.fi\/en\/yhteystiedot\/","title":{"rendered":"Contacts"},"content":{"rendered":"<div class=\"wpb-content-wrapper\"><p>[vc_row row_height_percent=&#8221;35&#8243; override_padding=&#8221;yes&#8221; h_padding=&#8221;2&#8243; top_padding=&#8221;2&#8243; bottom_padding=&#8221;4&#8243; back_color=&#8221;color-lxmt&#8221; overlay_alpha=&#8221;100&#8243; gutter_size=&#8221;100&#8243; column_width_percent=&#8221;100&#8243; border_color=&#8221;color-gyho&#8221; border_style=&#8221;solid&#8221; shift_y=&#8221;0&#8243; z_index=&#8221;0&#8243; style=&#8221;inherited&#8221; css=&#8221;.vc_custom_1532612179487{border-top-width: 1px !important;}&#8221;][vc_column column_width_percent=&#8221;100&#8243; position_horizontal=&#8221;left&#8221; align_horizontal=&#8221;align_center&#8221; gutter_size=&#8221;3&#8243; overlay_alpha=&#8221;100&#8243; shift_x=&#8221;0&#8243; shift_y=&#8221;0&#8243; shift_y_down=&#8221;0&#8243; z_index=&#8221;0&#8243; medium_width=&#8221;2&#8243; mobile_width=&#8221;0&#8243; zoom_width=&#8221;0&#8243; zoom_height=&#8221;0&#8243; width=&#8221;3\/4&#8243;][vc_column_text uncode_shortcode_id=&#8221;195241&#8243;]<\/p>\n<h3 id=\"tw-target-text\" class=\"tw-data-text tw-text-large tw-ta\" dir=\"ltr\" data-placeholder=\"K\u00e4\u00e4nn\u00f6s\"><span class=\"Y2IQFc\">Contact information<\/span><\/h3>\n<p style=\"text-align: center;\">Contact via e-mail: info@wmoc.fi<\/p>\n<hr \/>\n<p>wmoc.fi is an orienteering travel agency located in Turku, Finland. We specialize in organizing veteran orienteering trips and other service for veteran orienteers. For WMOC 2024 and Fin5 Public Race competitors, we provide limited accommodation and other services.<\/p>\n<p>wmoc.fi is not part of the WMOC 2024 organizing organization. For questions about the WMOC 2024 competition, please contact the WMOC 2024 competition organizers directly.[\/vc_column_text][\/vc_column][vc_column column_width_percent=&#8221;100&#8243; position_horizontal=&#8221;left&#8221; align_horizontal=&#8221;align_center&#8221; gutter_size=&#8221;3&#8243; override_padding=&#8221;yes&#8221; column_padding=&#8221;1&#8243; overlay_alpha=&#8221;100&#8243; shift_x=&#8221;0&#8243; shift_y=&#8221;0&#8243; shift_y_down=&#8221;0&#8243; z_index=&#8221;0&#8243; medium_width=&#8221;2&#8243; mobile_width=&#8221;0&#8243; zoom_width=&#8221;0&#8243; zoom_height=&#8221;0&#8243; width=&#8221;1\/4&#8243;][\/vc_column][\/vc_row]<\/p>\n<\/div>","protected":false},"excerpt":{"rendered":"<p>[vc_row row_height_percent=&#8221;35&#8243; override_padding=&#8221;yes&#8221; h_padding=&#8221;2&#8243; top_padding=&#8221;2&#8243; bottom_padding=&#8221;4&#8243; back_color=&#8221;color-lxmt&#8221; overlay_alpha=&#8221;100&#8243; gutter_size=&#8221;100&#8243; column_width_percent=&#8221;100&#8243; border_color=&#8221;color-gyho&#8221; border_style=&#8221;solid&#8221; shift_y=&#8221;0&#8243; z_index=&#8221;0&#8243; style=&#8221;inherited&#8221; css=&#8221;.vc_custom_1532612179487{border-top-width: 1px !important;}&#8221;][vc_column column_width_percent=&#8221;100&#8243; position_horizontal=&#8221;left&#8221; [&hellip;]<\/p>\n","protected":false},"author":1,"featured_media":0,"parent":0,"menu_order":0,"comment_status":"open","ping_status":"closed","template":"","meta":{"footnotes":""},"class_list":["post-77278","page","type-page","status-publish","hentry","page_category-classic-en"],"_links":{"self":[{"href":"https:\/\/wmoc.fi\/en\/wp-json\/wp\/v2\/pages\/77278","targetHints":{"allow":["GET"]}}],"collection":[{"href":"https:\/\/wmoc.fi\/en\/wp-json\/wp\/v2\/pages"}],"about":[{"href":"https:\/\/wmoc.fi\/en\/wp-json\/wp\/v2\/types\/page"}],"author":[{"embeddable":true,"href":"https:\/\/wmoc.fi\/en\/wp-json\/wp\/v2\/users\/1"}],"replies":[{"embeddable":true,"href":"https:\/\/wmoc.fi\/en\/wp-json\/wp\/v2\/comments?post=77278"}],"version-history":[{"count":12,"href":"https:\/\/wmoc.fi\/en\/wp-json\/wp\/v2\/pages\/77278\/revisions"}],"predecessor-version":[{"id":77462,"href":"https:\/\/wmoc.fi\/en\/wp-json\/wp\/v2\/pages\/77278\/revisions\/77462"}],"wp:attachment":[{"href":"https:\/\/wmoc.fi\/en\/wp-json\/wp\/v2\/media?parent=77278"}],"curies":[{"name":"wp","href":"https:\/\/api.w.org\/{rel}","templated":true}]}}